{"id":28,"date":"2022-08-13T00:25:23","date_gmt":"2022-08-13T00:25:23","guid":{"rendered":"http:\/\/www.mejiasaucedo.com\/newsletter\/?page_id=28"},"modified":"2022-08-16T15:29:09","modified_gmt":"2022-08-16T15:29:09","slug":"newsletter","status":"publish","type":"page","link":"http:\/\/www.mejiasaucedo.com\/newsletter\/","title":{"rendered":"Boletines Semanales"},"content":{"rendered":"\t\t<div data-elementor-type=\"wp-page\" data-elementor-id=\"28\" class=\"elementor elementor-28\">\n\t\t\t\t\t\t\t\t\t<section class=\"elementor-section elementor-top-section elementor-element elementor-element-dfe64ac elementor-section-boxed elementor-section-height-default elementor-section-height-default\" data-id=\"dfe64ac\" data-element_type=\"section\">\n\t\t\t\t\t\t<div class=\"elementor-container elementor-column-gap-default\">\n\t\t\t\t\t<div class=\"elementor-column elementor-col-100 elementor-top-column elementor-element elementor-element-5a53b69\" data-id=\"5a53b69\" data-element_type=\"column\">\n\t\t\t<div class=\"elementor-widget-wrap elementor-element-populated\">\n\t\t\t\t\t\t\t\t<div class=\"elementor-element elementor-element-30b77bf elementor-widget elementor-widget-heading\" data-id=\"30b77bf\" data-element_type=\"widget\" data-widget_type=\"heading.default\">\n\t\t\t\t<div class=\"elementor-widget-container\">\n\t\t\t<style>\/*! elementor - v3.7.0 - 08-08-2022 *\/\n.elementor-heading-title{padding:0;margin:0;line-height:1}.elementor-widget-heading .elementor-heading-title[class*=elementor-size-]>a{color:inherit;font-size:inherit;line-height:inherit}.elementor-widget-heading .elementor-heading-title.elementor-size-small{font-size:15px}.elementor-widget-heading .elementor-heading-title.elementor-size-medium{font-size:19px}.elementor-widget-heading .elementor-heading-title.elementor-size-large{font-size:29px}.elementor-widget-heading .elementor-heading-title.elementor-size-xl{font-size:39px}.elementor-widget-heading .elementor-heading-title.elementor-size-xxl{font-size:59px}<\/style><h2 class=\"elementor-heading-title elementor-size-default\">Publicaciones<\/h2>\t\t<\/div>\n\t\t\t\t<\/div>\n\t\t\t\t\t<\/div>\n\t\t<\/div>\n\t\t\t\t\t\t\t<\/div>\n\t\t<\/section>\n\t\t\t\t<section class=\"elementor-section elementor-top-section elementor-element elementor-element-326c54f elementor-section-boxed elementor-section-height-default elementor-section-height-default\" data-id=\"326c54f\" data-element_type=\"section\">\n\t\t\t\t\t\t<div class=\"elementor-container elementor-column-gap-default\">\n\t\t\t\t\t<div class=\"elementor-column elementor-col-100 elementor-top-column elementor-element elementor-element-d7ee8c3\" data-id=\"d7ee8c3\" data-element_type=\"column\">\n\t\t\t<div class=\"elementor-widget-wrap elementor-element-populated\">\n\t\t\t\t\t\t\t\t<div class=\"elementor-element elementor-element-fcd41e4 elementor-search-form--skin-classic elementor-search-form--button-type-icon elementor-search-form--icon-search elementor-widget elementor-widget-search-form\" data-id=\"fcd41e4\" data-element_type=\"widget\" data-settings=\"{&quot;skin&quot;:&quot;classic&quot;}\" data-widget_type=\"search-form.default\">\n\t\t\t\t<div class=\"elementor-widget-container\">\n\t\t\t<link rel=\"stylesheet\" href=\"http:\/\/www.mejiasaucedo.com\/newsletter\/wp-content\/plugins\/elementor-pro\/assets\/css\/widget-theme-elements.min.css\">\t\t<form class=\"elementor-search-form\" role=\"search\" action=\"http:\/\/www.mejiasaucedo.com\/newsletter\" method=\"get\">\n\t\t\t\t\t\t\t\t\t<div class=\"elementor-search-form__container\">\n\t\t\t\t\t\t\t\t<input placeholder=\"Buscar Art\u00edculos\" class=\"elementor-search-form__input\" type=\"search\" name=\"s\" title=\"Search\" value=\"\">\n\t\t\t\t\t\t\t\t\t\t\t\t\t<button class=\"elementor-search-form__submit\" type=\"submit\" title=\"Search\" aria-label=\"Search\">\n\t\t\t\t\t\t\t\t\t\t\t\t\t<i aria-hidden=\"true\" class=\"fas fa-search\"><\/i>\t\t\t\t\t\t\t<span class=\"elementor-screen-only\">Search<\/span>\n\t\t\t\t\t\t\t\t\t\t\t<\/button>\n\t\t\t\t\t\t\t\t\t\t\t<\/div>\n\t\t<\/form>\n\t\t\t\t<\/div>\n\t\t\t\t<\/div>\n\t\t\t\t\t<\/div>\n\t\t<\/div>\n\t\t\t\t\t\t\t<\/div>\n\t\t<\/section>\n\t\t\t\t<section class=\"elementor-section elementor-top-section elementor-element elementor-element-8f0571a elementor-section-boxed elementor-section-height-default elementor-section-height-default\" data-id=\"8f0571a\" data-element_type=\"section\">\n\t\t\t\t\t\t<div class=\"elementor-container elementor-column-gap-default\">\n\t\t\t\t\t<div class=\"elementor-column elementor-col-33 elementor-top-column elementor-element elementor-element-3f43045\" data-id=\"3f43045\" data-element_type=\"column\">\n\t\t\t<div class=\"elementor-widget-wrap elementor-element-populated\">\n\t\t\t\t\t\t\t\t<div class=\"elementor-element elementor-element-447c17e elementor-align-center elementor-widget elementor-widget-button\" data-id=\"447c17e\" data-element_type=\"widget\" data-widget_type=\"button.default\">\n\t\t\t\t<div class=\"elementor-widget-container\">\n\t\t\t\t\t<div class=\"elementor-button-wrapper\">\n\t\t\t<a href=\"http:\/\/www.mejiasaucedo.com\/newsletter\/newsletter\/articulos-cientificos\/\" class=\"elementor-button-link elementor-button elementor-size-sm\" role=\"button\">\n\t\t\t\t\t\t<span class=\"elementor-button-content-wrapper\">\n\t\t\t\t\t\t\t<span class=\"elementor-button-icon elementor-align-icon-left\">\n\t\t\t\t<i aria-hidden=\"true\" class=\"fas fa-book-open\"><\/i>\t\t\t<\/span>\n\t\t\t\t\t\t<span class=\"elementor-button-text\">Art\u00edculos<\/span>\n\t\t<\/span>\n\t\t\t\t\t<\/a>\n\t\t<\/div>\n\t\t\t\t<\/div>\n\t\t\t\t<\/div>\n\t\t\t\t\t<\/div>\n\t\t<\/div>\n\t\t\t\t<div class=\"elementor-column elementor-col-33 elementor-top-column elementor-element elementor-element-bdd58d8\" data-id=\"bdd58d8\" data-element_type=\"column\">\n\t\t\t<div class=\"elementor-widget-wrap elementor-element-populated\">\n\t\t\t\t\t\t\t\t<div class=\"elementor-element elementor-element-6b75692 elementor-align-center elementor-widget elementor-widget-button\" data-id=\"6b75692\" data-element_type=\"widget\" data-widget_type=\"button.default\">\n\t\t\t\t<div class=\"elementor-widget-container\">\n\t\t\t\t\t<div class=\"elementor-button-wrapper\">\n\t\t\t<a href=\"http:\/\/www.mejiasaucedo.com\/newsletter\/newsletter\/boletin-normativo\/\" class=\"elementor-button-link elementor-button elementor-size-sm\" role=\"button\">\n\t\t\t\t\t\t<span class=\"elementor-button-content-wrapper\">\n\t\t\t\t\t\t\t<span class=\"elementor-button-icon elementor-align-icon-left\">\n\t\t\t\t<i aria-hidden=\"true\" class=\"fas fa-book-open\"><\/i>\t\t\t<\/span>\n\t\t\t\t\t\t<span class=\"elementor-button-text\">Bolet\u00edn Normativo<\/span>\n\t\t<\/span>\n\t\t\t\t\t<\/a>\n\t\t<\/div>\n\t\t\t\t<\/div>\n\t\t\t\t<\/div>\n\t\t\t\t\t<\/div>\n\t\t<\/div>\n\t\t\t\t<div class=\"elementor-column elementor-col-33 elementor-top-column elementor-element elementor-element-e947b67\" data-id=\"e947b67\" data-element_type=\"column\">\n\t\t\t<div class=\"elementor-widget-wrap elementor-element-populated\">\n\t\t\t\t\t\t\t\t<div class=\"elementor-element elementor-element-e71e40c elementor-align-center elementor-widget elementor-widget-button\" data-id=\"e71e40c\" data-element_type=\"widget\" data-widget_type=\"button.default\">\n\t\t\t\t<div class=\"elementor-widget-container\">\n\t\t\t\t\t<div class=\"elementor-button-wrapper\">\n\t\t\t<a href=\"http:\/\/www.mejiasaucedo.com\/newsletter\/newsletter\/comentarios\/\" class=\"elementor-button-link elementor-button elementor-size-sm\" role=\"button\">\n\t\t\t\t\t\t<span class=\"elementor-button-content-wrapper\">\n\t\t\t\t\t\t\t<span class=\"elementor-button-icon elementor-align-icon-left\">\n\t\t\t\t<i aria-hidden=\"true\" class=\"fas fa-book-open\"><\/i>\t\t\t<\/span>\n\t\t\t\t\t\t<span class=\"elementor-button-text\">Comentarios Informativos<\/span>\n\t\t<\/span>\n\t\t\t\t\t<\/a>\n\t\t<\/div>\n\t\t\t\t<\/div>\n\t\t\t\t<\/div>\n\t\t\t\t\t<\/div>\n\t\t<\/div>\n\t\t\t\t\t\t\t<\/div>\n\t\t<\/section>\n\t\t\t\t<section class=\"elementor-section elementor-top-section elementor-element elementor-element-ae2d37a elementor-section-boxed elementor-section-height-default elementor-section-height-default\" data-id=\"ae2d37a\" data-element_type=\"section\">\n\t\t\t\t\t\t<div class=\"elementor-container elementor-column-gap-default\">\n\t\t\t\t\t<div class=\"elementor-column elementor-col-100 elementor-top-column elementor-element elementor-element-eadab91\" data-id=\"eadab91\" data-element_type=\"column\">\n\t\t\t<div class=\"elementor-widget-wrap elementor-element-populated\">\n\t\t\t\t\t\t\t\t<div class=\"elementor-element elementor-element-19d3e10 elementor-grid-3 elementor-grid-tablet-2 elementor-grid-mobile-1 elementor-posts--thumbnail-top elementor-card-shadow-yes elementor-posts__hover-gradient elementor-widget elementor-widget-posts\" data-id=\"19d3e10\" data-element_type=\"widget\" data-settings=\"{&quot;cards_columns&quot;:&quot;3&quot;,&quot;cards_columns_tablet&quot;:&quot;2&quot;,&quot;cards_columns_mobile&quot;:&quot;1&quot;,&quot;cards_row_gap&quot;:{&quot;unit&quot;:&quot;px&quot;,&quot;size&quot;:35,&quot;sizes&quot;:[]},&quot;cards_row_gap_tablet&quot;:{&quot;unit&quot;:&quot;px&quot;,&quot;size&quot;:&quot;&quot;,&quot;sizes&quot;:[]},&quot;cards_row_gap_mobile&quot;:{&quot;unit&quot;:&quot;px&quot;,&quot;size&quot;:&quot;&quot;,&quot;sizes&quot;:[]}}\" data-widget_type=\"posts.cards\">\n\t\t\t\t<div class=\"elementor-widget-container\">\n\t\t\t<link rel=\"stylesheet\" href=\"http:\/\/www.mejiasaucedo.com\/newsletter\/wp-content\/plugins\/elementor-pro\/assets\/css\/widget-posts.min.css\">\t\t<div class=\"elementor-posts-container elementor-posts elementor-posts--skin-cards elementor-grid\">\n\t\t\t\t<article class=\"elementor-post elementor-grid-item post-122 post type-post status-publish format-standard hentry category-comentarios\">\n\t\t\t<div class=\"elementor-post__card\">\n\t\t\t\t<div class=\"elementor-post__text\">\n\t\t\t\t<h3 class=\"elementor-post__title\">\n\t\t\t<a href=\"http:\/\/www.mejiasaucedo.com\/newsletter\/comentarios\/el-alcabala-y-la-primera-venta-de-inmuebles-efectuada-por-el-constructor-determinacion-de-la-base-imponible\/\" >\n\t\t\t\tEl alcabala y la primera venta de inmuebles efectuada por el constructor: Determinaci\u00f3n de la base imponible\t\t\t<\/a>\n\t\t<\/h3>\n\t\t\t\t<div class=\"elementor-post__excerpt\">\n\t\t\t<p>Autor: Luis El\u00ed C\u00e9spedes Paisig. Luis Eli C\u00e9spedes Paisig: \u2018\u2019Cada vez se llevan a cabo m\u00e1s proyectos<\/p>\n\t\t<\/div>\n\t\t\t\t\t<div class=\"elementor-post__read-more-wrapper\">\n\t\t\n\t\t<a class=\"elementor-post__read-more\" href=\"http:\/\/www.mejiasaucedo.com\/newsletter\/comentarios\/el-alcabala-y-la-primera-venta-de-inmuebles-efectuada-por-el-constructor-determinacion-de-la-base-imponible\/\" >\n\t\t\tLeer m\u00e1s \u00bb\t\t<\/a>\n\n\t\t\t\t\t<\/div>\n\t\t\t\t<\/div>\n\t\t\t\t<div class=\"elementor-post__meta-data\">\n\t\t\t\t\t<span class=\"elementor-post-date\">\n\t\t\tagosto 22, 2022\t\t<\/span>\n\t\t\t\t<\/div>\n\t\t\t\t\t<\/div>\n\t\t<\/article>\n\t\t\t\t<article class=\"elementor-post elementor-grid-item post-120 post type-post status-publish format-standard hentry category-comentarios\">\n\t\t\t<div class=\"elementor-post__card\">\n\t\t\t\t<div class=\"elementor-post__text\">\n\t\t\t\t<h3 class=\"elementor-post__title\">\n\t\t\t<a href=\"http:\/\/www.mejiasaucedo.com\/newsletter\/comentarios\/la-presunta-invalidez-de-la-notificacion-electronica-frente-a-una-actitud-renuente-de-sunafil-con-ocasion-de-la-resolucion-n-129-2021-sunafil-tfl\/\" >\n\t\t\t\tLA PRESUNTA INVALIDEZ DE LA NOTIFICACI\u00d3N ELECTR\u00d3NICA FRENTE A UNA ACTITUD RENUENTE DE SUNAFIL (Con ocasi\u00f3n de la Resoluci\u00f3n N\u00b0 129-2021-SUNAFIL\/TFL)\t\t\t<\/a>\n\t\t<\/h3>\n\t\t\t\t<div class=\"elementor-post__excerpt\">\n\t\t\t<p>Autor: Yudy Lizeth Cahuapaza Montes. El actual contexto de emergencia sanitaria originada por el brote y propagaci\u00f3n<\/p>\n\t\t<\/div>\n\t\t\t\t\t<div class=\"elementor-post__read-more-wrapper\">\n\t\t\n\t\t<a class=\"elementor-post__read-more\" href=\"http:\/\/www.mejiasaucedo.com\/newsletter\/comentarios\/la-presunta-invalidez-de-la-notificacion-electronica-frente-a-una-actitud-renuente-de-sunafil-con-ocasion-de-la-resolucion-n-129-2021-sunafil-tfl\/\" >\n\t\t\tLeer m\u00e1s \u00bb\t\t<\/a>\n\n\t\t\t\t\t<\/div>\n\t\t\t\t<\/div>\n\t\t\t\t<div class=\"elementor-post__meta-data\">\n\t\t\t\t\t<span class=\"elementor-post-date\">\n\t\t\tagosto 22, 2022\t\t<\/span>\n\t\t\t\t<\/div>\n\t\t\t\t\t<\/div>\n\t\t<\/article>\n\t\t\t\t<article class=\"elementor-post elementor-grid-item post-118 post type-post status-publish format-standard hentry category-comentarios\">\n\t\t\t<div class=\"elementor-post__card\">\n\t\t\t\t<div class=\"elementor-post__text\">\n\t\t\t\t<h3 class=\"elementor-post__title\">\n\t\t\t<a href=\"http:\/\/www.mejiasaucedo.com\/newsletter\/comentarios\/la-exclusion-de-las-contrataciones-iguales-o-menores-a-8-uit-de-la-ley-de-contrataciones-del-estado-como-traba-burocratica-en-situaciones-de-emergencia\/\" >\n\t\t\t\tLa exclusi\u00f3n de las contrataciones iguales o menores a 8 UIT de la Ley de Contrataciones del Estado como traba burocr\u00e1tica en situaciones de emergencia\t\t\t<\/a>\n\t\t<\/h3>\n\t\t\t\t<div class=\"elementor-post__excerpt\">\n\t\t\t<p>Autor: Jordana Morales Padilla. Jordana Morales: \u00abEl sistema nacional de abastecimiento ha previsto la figura de la<\/p>\n\t\t<\/div>\n\t\t\t\t\t<div class=\"elementor-post__read-more-wrapper\">\n\t\t\n\t\t<a class=\"elementor-post__read-more\" href=\"http:\/\/www.mejiasaucedo.com\/newsletter\/comentarios\/la-exclusion-de-las-contrataciones-iguales-o-menores-a-8-uit-de-la-ley-de-contrataciones-del-estado-como-traba-burocratica-en-situaciones-de-emergencia\/\" >\n\t\t\tLeer m\u00e1s \u00bb\t\t<\/a>\n\n\t\t\t\t\t<\/div>\n\t\t\t\t<\/div>\n\t\t\t\t<div class=\"elementor-post__meta-data\">\n\t\t\t\t\t<span class=\"elementor-post-date\">\n\t\t\tagosto 22, 2022\t\t<\/span>\n\t\t\t\t<\/div>\n\t\t\t\t\t<\/div>\n\t\t<\/article>\n\t\t\t\t<article class=\"elementor-post elementor-grid-item post-114 post type-post status-publish format-standard hentry category-comentarios\">\n\t\t\t<div class=\"elementor-post__card\">\n\t\t\t\t<div class=\"elementor-post__text\">\n\t\t\t\t<h3 class=\"elementor-post__title\">\n\t\t\t<a href=\"http:\/\/www.mejiasaucedo.com\/newsletter\/comentarios\/invalidez-material-del-delito-de-trafico-de-influencias\/\" >\n\t\t\t\tINVALIDEZ MATERIAL DEL DELITO DE TR\u00c1FICO DE INFLUENCIAS\t\t\t<\/a>\n\t\t<\/h3>\n\t\t\t\t<div class=\"elementor-post__excerpt\">\n\t\t\t<p>Autor: Sa\u00fal Alexander Villegas Salazar. \u201cEl derecho es la garant\u00eda de los m\u00e1s d\u00e9biles frente a los<\/p>\n\t\t<\/div>\n\t\t\t\t\t<div class=\"elementor-post__read-more-wrapper\">\n\t\t\n\t\t<a class=\"elementor-post__read-more\" href=\"http:\/\/www.mejiasaucedo.com\/newsletter\/comentarios\/invalidez-material-del-delito-de-trafico-de-influencias\/\" >\n\t\t\tLeer m\u00e1s \u00bb\t\t<\/a>\n\n\t\t\t\t\t<\/div>\n\t\t\t\t<\/div>\n\t\t\t\t<div class=\"elementor-post__meta-data\">\n\t\t\t\t\t<span class=\"elementor-post-date\">\n\t\t\tagosto 22, 2022\t\t<\/span>\n\t\t\t\t<\/div>\n\t\t\t\t\t<\/div>\n\t\t<\/article>\n\t\t\t\t<article class=\"elementor-post elementor-grid-item post-112 post type-post status-publish format-standard hentry category-comentarios\">\n\t\t\t<div class=\"elementor-post__card\">\n\t\t\t\t<div class=\"elementor-post__text\">\n\t\t\t\t<h3 class=\"elementor-post__title\">\n\t\t\t<a href=\"http:\/\/www.mejiasaucedo.com\/newsletter\/comentarios\/cual-es-la-importancia-de-la-obtencion-del-iso-37001-en-la-sala-penal-permanente-de-la-corte-suprema-y-el-consejo-ejecutivo-del-poder-judicial\/\" >\n\t\t\t\t\u00bfCu\u00e1l es la importancia de la obtenci\u00f3n del ISO 37001 en la Sala Penal Permanente de la Corte Suprema y el Consejo Ejecutivo del Poder Judicial?\t\t\t<\/a>\n\t\t<\/h3>\n\t\t\t\t<div class=\"elementor-post__excerpt\">\n\t\t\t<p>Autor: Roger Sneider Mercado Mar\u00edn. El d\u00eda 3 de agosto, la presidenta de la Comisi\u00f3n de Integridad<\/p>\n\t\t<\/div>\n\t\t\t\t\t<div class=\"elementor-post__read-more-wrapper\">\n\t\t\n\t\t<a class=\"elementor-post__read-more\" href=\"http:\/\/www.mejiasaucedo.com\/newsletter\/comentarios\/cual-es-la-importancia-de-la-obtencion-del-iso-37001-en-la-sala-penal-permanente-de-la-corte-suprema-y-el-consejo-ejecutivo-del-poder-judicial\/\" >\n\t\t\tLeer m\u00e1s \u00bb\t\t<\/a>\n\n\t\t\t\t\t<\/div>\n\t\t\t\t<\/div>\n\t\t\t\t<div class=\"elementor-post__meta-data\">\n\t\t\t\t\t<span class=\"elementor-post-date\">\n\t\t\tagosto 22, 2022\t\t<\/span>\n\t\t\t\t<\/div>\n\t\t\t\t\t<\/div>\n\t\t<\/article>\n\t\t\t\t<article class=\"elementor-post elementor-grid-item post-110 post type-post status-publish format-standard hentry category-articulos-cientificos\">\n\t\t\t<div class=\"elementor-post__card\">\n\t\t\t\t<div class=\"elementor-post__text\">\n\t\t\t\t<h3 class=\"elementor-post__title\">\n\t\t\t<a href=\"http:\/\/www.mejiasaucedo.com\/newsletter\/articulos-cientificos\/la-moral-liberal-de-la-sociedad-como-fundamento-del-derecho-penal\/\" >\n\t\t\t\tLA MORAL LIBERAL DE LA SOCIEDAD COMO FUNDAMENTO DEL DERECHO PENAL\t\t\t<\/a>\n\t\t<\/h3>\n\t\t\t\t<div class=\"elementor-post__excerpt\">\n\t\t\t<p>Autor: Cristhian Alexander Cerna Ravines. Existe un fen\u00f3meno que desde hace alg\u00fan tiempo, en nuestra opini\u00f3n, viene<\/p>\n\t\t<\/div>\n\t\t\t\t\t<div class=\"elementor-post__read-more-wrapper\">\n\t\t\n\t\t<a class=\"elementor-post__read-more\" href=\"http:\/\/www.mejiasaucedo.com\/newsletter\/articulos-cientificos\/la-moral-liberal-de-la-sociedad-como-fundamento-del-derecho-penal\/\" >\n\t\t\tLeer m\u00e1s \u00bb\t\t<\/a>\n\n\t\t\t\t\t<\/div>\n\t\t\t\t<\/div>\n\t\t\t\t<div class=\"elementor-post__meta-data\">\n\t\t\t\t\t<span class=\"elementor-post-date\">\n\t\t\tagosto 22, 2022\t\t<\/span>\n\t\t\t\t<\/div>\n\t\t\t\t\t<\/div>\n\t\t<\/article>\n\t\t\t\t<\/div>\n\n\n\t\t\n\t\t\t\t<\/div>\n\t\t\t\t<\/div>\n\t\t\t\t\t<\/div>\n\t\t<\/div>\n\t\t\t\t\t\t\t<\/div>\n\t\t<\/section>\n\t\t\t\t\t\t\t<\/div>\n\t\t","protected":false},"excerpt":{"rendered":"<p>Publicaciones Art\u00edculos Bolet\u00edn Normativo Comentarios Informativos<\/p>\n","protected":false},"author":1,"featured_media":0,"parent":0,"menu_order":0,"comment_status":"closed","ping_status":"closed","template":"","meta":[],"_links":{"self":[{"href":"http:\/\/www.mejiasaucedo.com\/newsletter\/wp-json\/wp\/v2\/pages\/28"}],"collection":[{"href":"http:\/\/www.mejiasaucedo.com\/newsletter\/wp-json\/wp\/v2\/pages"}],"about":[{"href":"http:\/\/www.mejiasaucedo.com\/newsletter\/wp-json\/wp\/v2\/types\/page"}],"author":[{"embeddable":true,"href":"http:\/\/www.mejiasaucedo.com\/newsletter\/wp-json\/wp\/v2\/users\/1"}],"replies":[{"embeddable":true,"href":"http:\/\/www.mejiasaucedo.com\/newsletter\/wp-json\/wp\/v2\/comments?post=28"}],"version-history":[{"count":25,"href":"http:\/\/www.mejiasaucedo.com\/newsletter\/wp-json\/wp\/v2\/pages\/28\/revisions"}],"predecessor-version":[{"id":101,"href":"http:\/\/www.mejiasaucedo.com\/newsletter\/wp-json\/wp\/v2\/pages\/28\/revisions\/101"}],"wp:attachment":[{"href":"http:\/\/www.mejiasaucedo.com\/newsletter\/wp-json\/wp\/v2\/media?parent=28"}],"curies":[{"name":"wp","href":"https:\/\/api.w.org\/{rel}","templated":true}]}}